{"id":6627,"date":"2021-12-06T13:25:49","date_gmt":"2021-12-06T13:25:49","guid":{"rendered":"https:\/\/www.class-hotesse.fr\/wpdev\/?page_id=6627"},"modified":"2024-01-17T10:07:51","modified_gmt":"2024-01-17T10:07:51","slug":"animation-promotion","status":"publish","type":"page","link":"https:\/\/www.class-hotesse.fr\/fr\/animation-promotion\/","title":{"rendered":"Animation et promotion"},"content":{"rendered":"<div data-elementor-type=\"wp-page\" data-elementor-id=\"6627\" class=\"elementor elementor-6627\" data-elementor-settings=\"[]\">\n\t\t\t\t\t\t\t<div class=\"elementor-section-wrap\">\n\t\t\t\t\t\t\t<section class=\"elementor-section elementor-top-section elementor-element elementor-element-fe76a05 elementor-section-full_width elementor-section-height-default elementor-section-height-default qodef-elementor-content-no\" data-id=\"fe76a05\" data-element_type=\"section\" data-settings=\"{&quot;background_background&quot;:&quot;classic&quot;}\">\n\t\t\t\t\t\t\t<div class=\"elementor-background-overlay\"><\/div>\n\t\t\t\t\t\t\t<div class=\"elementor-container elementor-column-gap-default\">\n\t\t\t\t\t<div class=\"elementor-column elementor-col-100 elementor-top-column elementor-element elementor-element-8a4c8e3\" data-id=\"8a4c8e3\" data-element_type=\"column\">\n\t\t\t<div class=\"elementor-widget-wrap elementor-element-populated\">\n\t\t\t\t\t\t\t\t<div class=\"elementor-element elementor-element-bd37199 elementor-widget elementor-widget-heading\" data-id=\"bd37199\" data-element_type=\"widget\" data-widget_type=\"heading.default\">\n\t\t\t\t<div class=\"elementor-widget-container\">\n\t\t\t<h1 class=\"elementor-heading-title elementor-size-default\">Animation et Promotion<\/h1>\t\t<\/div>\n\t\t\t\t<\/div>\n\t\t\t\t\t<\/div>\n\t\t<\/div>\n\t\t\t\t\t\t\t<\/div>\n\t\t<\/section>\n\t\t\t\t<section class=\"elementor-section elementor-top-section elementor-element elementor-element-db10294 elementor-section-boxed elementor-section-height-default elementor-section-height-default qodef-elementor-content-no\" data-id=\"db10294\" data-element_type=\"section\">\n\t\t\t\t\t\t<div class=\"elementor-container elementor-column-gap-default\">\n\t\t\t\t\t<div class=\"elementor-column elementor-col-100 elementor-top-column elementor-element elementor-element-24d6c67\" data-id=\"24d6c67\" data-element_type=\"column\">\n\t\t\t<div class=\"elementor-widget-wrap elementor-element-populated\">\n\t\t\t\t\t\t\t\t<div class=\"elementor-element elementor-element-b810528 elementor-widget elementor-widget-text-editor\" data-id=\"b810528\" data-element_type=\"widget\" data-widget_type=\"text-editor.default\">\n\t\t\t\t<div class=\"elementor-widget-container\">\n\t\t\t\t\t\t\t<p>Face \u00e0 une concurrence de plus en plus vive, CLASS' HOTESSE met en place son \u00e9quipe commerciale qui saura dynamiser vos ventes et mettre votre marque et vos produits en valeur, dans le but d\u2019augmenter consid\u00e9rablement vos enjeux commerciaux.<\/p><p>Fort de leur qualit\u00e9 relationnelle et de leur exp\u00e9rience, l\u2019\u00e9quipe commerciale de CLASS\u2019 HOTESSE met tout en \u0153uvre pour le succ\u00e8s de chaque op\u00e9ration au niveau national.<\/p>\t\t\t\t\t\t<\/div>\n\t\t\t\t<\/div>\n\t\t\t\t\t<\/div>\n\t\t<\/div>\n\t\t\t\t\t\t\t<\/div>\n\t\t<\/section>\n\t\t\t\t<section class=\"elementor-section elementor-top-section elementor-element elementor-element-32b1aea elementor-section-boxed elementor-section-height-default elementor-section-height-default qodef-elementor-content-no\" data-id=\"32b1aea\" data-element_type=\"section\">\n\t\t\t\t\t\t<div class=\"elementor-container elementor-column-gap-default\">\n\t\t\t\t\t<div class=\"elementor-column elementor-col-50 elementor-top-column elementor-element elementor-element-e7a4d81\" data-id=\"e7a4d81\" data-element_type=\"column\">\n\t\t\t<div class=\"elementor-widget-wrap elementor-element-populated\">\n\t\t\t\t\t\t\t\t<div class=\"elementor-element elementor-element-2ddf0bf elementor-widget elementor-widget-heading\" data-id=\"2ddf0bf\" data-element_type=\"widget\" data-widget_type=\"heading.default\">\n\t\t\t\t<div class=\"elementor-widget-container\">\n\t\t\t<h2 class=\"elementor-heading-title elementor-size-default\">Domaines d'intervention<\/h2>\t\t<\/div>\n\t\t\t\t<\/div>\n\t\t\t\t\t<\/div>\n\t\t<\/div>\n\t\t\t\t<div class=\"elementor-column elementor-col-50 elementor-top-column elementor-element elementor-element-f624a27\" data-id=\"f624a27\" data-element_type=\"column\">\n\t\t\t<div class=\"elementor-widget-wrap elementor-element-populated\">\n\t\t\t\t\t\t\t\t<div class=\"elementor-element elementor-element-5dab410 elementor-widget elementor-widget-heading\" data-id=\"5dab410\" data-element_type=\"widget\" data-widget_type=\"heading.default\">\n\t\t\t\t<div class=\"elementor-widget-container\">\n\t\t\t<h2 class=\"elementor-heading-title elementor-size-default\">Nos atouts<\/h2>\t\t<\/div>\n\t\t\t\t<\/div>\n\t\t\t\t\t<\/div>\n\t\t<\/div>\n\t\t\t\t\t\t\t<\/div>\n\t\t<\/section>\n\t\t\t\t<section class=\"elementor-section elementor-top-section elementor-element elementor-element-0375e7a elementor-section-boxed elementor-section-height-default elementor-section-height-default qodef-elementor-content-no\" data-id=\"0375e7a\" data-element_type=\"section\">\n\t\t\t\t\t\t<div class=\"elementor-container elementor-column-gap-default\">\n\t\t\t\t\t<div class=\"elementor-column elementor-col-50 elementor-top-column elementor-element elementor-element-a773e25\" data-id=\"a773e25\" data-element_type=\"column\">\n\t\t\t<div class=\"elementor-widget-wrap elementor-element-populated\">\n\t\t\t\t\t\t\t\t<div class=\"elementor-element elementor-element-8fdf505 elementor-widget elementor-widget-text-editor\" data-id=\"8fdf505\" data-element_type=\"widget\" data-widget_type=\"text-editor.default\">\n\t\t\t\t<div class=\"elementor-widget-container\">\n\t\t\t\t\t\t\t<p>\u2013 Animation pour enfants<br \/>\u2013 Animation commerciale<br \/>\u2013 Distribution de flyers \/ d\u2019\u00e9chantillons \/ bons de r\u00e9ductions\u2026<br \/>\u2013 Mascotte<br \/>\u2013 Animation micro<br \/>\u2013 D\u00e9monstration de produits<br \/>\u2013 Campagne promotionnelle<br \/>\u2013 Tourn\u00e9e promotionnelle<br \/>\u2013 Road show<br \/>\u2013 Campagne promotionnelle<br \/>\u2013 Street marketing<br \/>\u2013 D\u00e9gustation<\/p>\t\t\t\t\t\t<\/div>\n\t\t\t\t<\/div>\n\t\t\t\t\t<\/div>\n\t\t<\/div>\n\t\t\t\t<div class=\"elementor-column elementor-col-50 elementor-top-column elementor-element elementor-element-93bdf37\" data-id=\"93bdf37\" data-element_type=\"column\">\n\t\t\t<div class=\"elementor-widget-wrap elementor-element-populated\">\n\t\t\t\t\t\t\t\t<div class=\"elementor-element elementor-element-73fb0cd elementor-widget elementor-widget-text-editor\" data-id=\"73fb0cd\" data-element_type=\"widget\" data-widget_type=\"text-editor.default\">\n\t\t\t\t<div class=\"elementor-widget-container\">\n\t\t\t\t\t\t\t<p>- S\u00e9lection des animateurs et animatrices selon des profils d\u00e9finis<br \/>- Formation des animateurs et animatrices aux techniques de vente du produit<br \/>- Briefing individualis\u00e9 de nos animateurs et animatrices<br \/>- Exp\u00e9rience, fiabilit\u00e9 et dynamisme de nos \u00e9quipes d\u2019animation et promotion<br \/>- R\u00e9alisation d\u2019uniformes personnalis\u00e9s \u00e0 la demande du client<br \/>- Suivi sur le terrain lors de l\u2019op\u00e9ration<br \/>- Transmission d\u2019un rapport d\u2019animation \u00e0 la fin de chaque mission afin d\u2019\u00eatre en mesure d\u2019\u00e9valuer ensemble l\u2019impact de notre intervention.<\/p>\t\t\t\t\t\t<\/div>\n\t\t\t\t<\/div>\n\t\t\t\t\t<\/div>\n\t\t<\/div>\n\t\t\t\t\t\t\t<\/div>\n\t\t<\/section>\n\t\t\t\t<section class=\"elementor-section elementor-top-section elementor-element elementor-element-026542f elementor-section-boxed elementor-section-height-default elementor-section-height-default qodef-elementor-content-no\" data-id=\"026542f\" data-element_type=\"section\">\n\t\t\t\t\t\t<div class=\"elementor-container elementor-column-gap-default\">\n\t\t\t\t\t<div class=\"elementor-column elementor-col-100 elementor-top-column elementor-element elementor-element-344f21d\" data-id=\"344f21d\" data-element_type=\"column\">\n\t\t\t<div class=\"elementor-widget-wrap elementor-element-populated\">\n\t\t\t\t\t\t\t\t<div class=\"elementor-element elementor-element-697bd0b elementor-arrows-position-inside elementor-pagination-position-outside elementor-widget elementor-widget-image-carousel\" data-id=\"697bd0b\" data-element_type=\"widget\" data-settings=\"{&quot;slides_to_show&quot;:&quot;4&quot;,&quot;slides_to_scroll&quot;:&quot;1&quot;,&quot;autoplay_speed&quot;:1500,&quot;speed&quot;:200,&quot;navigation&quot;:&quot;both&quot;,&quot;autoplay&quot;:&quot;yes&quot;,&quot;pause_on_hover&quot;:&quot;yes&quot;,&quot;pause_on_interaction&quot;:&quot;yes&quot;,&quot;infinite&quot;:&quot;yes&quot;}\" data-widget_type=\"image-carousel.default\">\n\t\t\t\t<div class=\"elementor-widget-container\">\n\t\t\t\t\t<div class=\"elementor-image-carousel-wrapper swiper-container\" dir=\"ltr\">\n\t\t\t<div class=\"elementor-image-carousel swiper-wrapper swiper-image-stretch\">\n\t\t\t\t\t\t\t\t<div class=\"swiper-slide\"><figure class=\"swiper-slide-inner\"><img decoding=\"async\" class=\"swiper-slide-image\" src=\"https:\/\/www.class-hotesse.fr\/wp-content\/uploads\/2024\/01\/ANIM-1-650x650.jpg\" alt=\"ANIM 1\" \/><\/figure><\/div><div class=\"swiper-slide\"><figure class=\"swiper-slide-inner\"><img decoding=\"async\" class=\"swiper-slide-image\" src=\"https:\/\/www.class-hotesse.fr\/wp-content\/uploads\/2024\/01\/ANIM-2-650x650.jpg\" alt=\"ANIM 2\" \/><\/figure><\/div><div class=\"swiper-slide\"><figure class=\"swiper-slide-inner\"><img decoding=\"async\" class=\"swiper-slide-image\" src=\"https:\/\/www.class-hotesse.fr\/wp-content\/uploads\/2024\/01\/ANIM-3-650x650.jpg\" alt=\"ANIM 3\" \/><\/figure><\/div><div class=\"swiper-slide\"><figure class=\"swiper-slide-inner\"><img decoding=\"async\" class=\"swiper-slide-image\" src=\"https:\/\/www.class-hotesse.fr\/wp-content\/uploads\/2024\/01\/ANIM-4-650x650.jpg\" alt=\"ANIM 4\" \/><\/figure><\/div><div class=\"swiper-slide\"><figure class=\"swiper-slide-inner\"><img decoding=\"async\" class=\"swiper-slide-image\" src=\"https:\/\/www.class-hotesse.fr\/wp-content\/uploads\/2024\/01\/ANIM-5-650x650.jpg\" alt=\"ANIM 5\" \/><\/figure><\/div><div class=\"swiper-slide\"><figure class=\"swiper-slide-inner\"><img decoding=\"async\" class=\"swiper-slide-image\" src=\"https:\/\/www.class-hotesse.fr\/wp-content\/uploads\/2024\/01\/ANIM-6-650x650.jpg\" alt=\"ANIM 6\" \/><\/figure><\/div><div class=\"swiper-slide\"><figure class=\"swiper-slide-inner\"><img decoding=\"async\" class=\"swiper-slide-image\" src=\"https:\/\/www.class-hotesse.fr\/wp-content\/uploads\/2022\/06\/photo-animation-commercial-2-crop-650x650.jpeg\" alt=\"photo animation commercial 2-crop\" \/><\/figure><\/div><div class=\"swiper-slide\"><figure class=\"swiper-slide-inner\"><img decoding=\"async\" class=\"swiper-slide-image\" src=\"https:\/\/www.class-hotesse.fr\/wp-content\/uploads\/2022\/06\/photo-animation-commercial-crop-650x650.jpeg\" alt=\"photo animation commercial-crop\" \/><\/figure><\/div><div class=\"swiper-slide\"><figure class=\"swiper-slide-inner\"><img decoding=\"async\" class=\"swiper-slide-image\" src=\"https:\/\/www.class-hotesse.fr\/wp-content\/uploads\/2022\/06\/photo-animation-commercial-3-crop-650x650.jpeg\" alt=\"photo animation commercial 3-crop\" \/><\/figure><\/div>\t\t\t<\/div>\n\t\t\t\t\t\t\t\t\t\t\t\t<div class=\"swiper-pagination\"><\/div>\n\t\t\t\t\t\t\t\t\t\t\t\t\t<div class=\"elementor-swiper-button elementor-swiper-button-prev\">\n\t\t\t\t\t\t<i class=\"eicon-chevron-left\" aria-hidden=\"true\"><\/i>\n\t\t\t\t\t\t<span class=\"elementor-screen-only\">Pr\u00e9c\u00e9dent<\/span>\n\t\t\t\t\t<\/div>\n\t\t\t\t\t<div class=\"elementor-swiper-button elementor-swiper-button-next\">\n\t\t\t\t\t\t<i class=\"eicon-chevron-right\" aria-hidden=\"true\"><\/i>\n\t\t\t\t\t\t<span class=\"elementor-screen-only\">Suivant<\/span>\n\t\t\t\t\t<\/div>\n\t\t\t\t\t\t\t\t\t<\/div>\n\t\t\t\t<\/div>\n\t\t\t\t<\/div>\n\t\t\t\t\t<\/div>\n\t\t<\/div>\n\t\t\t\t\t\t\t<\/div>\n\t\t<\/section>\n\t\t\t\t\t\t<\/div>\n\t\t\t\t\t<\/div>","protected":false},"excerpt":{"rendered":"<p>promotional marketing Faced with growing competition, CLASS\u2019 HOTESSE provides you with a business team for sales incentives and showcase of your products and your brands to increase the commercial income. With a strong experience in this sector, the business team of CLASS\u2019 HOTESSE brings its relational skills for the success of every mission. Our areas [&hellip;]<\/p>","protected":false},"author":1,"featured_media":0,"parent":0,"menu_order":0,"comment_status":"closed","ping_status":"closed","template":"page-full-width.php","meta":{"footnotes":""},"class_list":["post-6627","page","type-page","status-publish","hentry"],"yoast_head":"<!-- This site is optimized with the Yoast SEO plugin v25.1 - https:\/\/yoast.com\/wordpress\/plugins\/seo\/ -->\n<title>Animation et promotion - Class&#039;H\u00f4tesse<\/title>\n<meta name=\"description\" content=\"CLASS&#039;HOTESSE \/ Agence d&#039;h\u00f4tes et d&#039;h\u00f4tesses \/ Animation et promotion.\" \/>\n<meta name=\"robots\" content=\"index, follow, max-snippet:-1, max-image-preview:large, max-video-preview:-1\" \/>\n<link rel=\"canonical\" href=\"https:\/\/www.class-hotesse.fr\/fr\/animation-promotion\/\" \/>\n<meta property=\"og:locale\" content=\"fr_FR\" \/>\n<meta property=\"og:type\" content=\"article\" \/>\n<meta property=\"og:title\" content=\"Animation et promotion - Class&#039;H\u00f4tesse\" \/>\n<meta property=\"og:description\" content=\"CLASS&#039;HOTESSE \/ Agence d&#039;h\u00f4tes et d&#039;h\u00f4tesses \/ Animation et promotion.\" \/>\n<meta property=\"og:url\" content=\"https:\/\/www.class-hotesse.fr\/fr\/animation-promotion\/\" \/>\n<meta property=\"og:site_name\" content=\"Class&#039;H\u00f4tesse\" \/>\n<meta property=\"article:modified_time\" content=\"2024-01-17T10:07:51+00:00\" \/>\n<meta property=\"og:image\" content=\"https:\/\/www.class-hotesse.fr\/wp-content\/uploads\/2024\/01\/ANIM-1-650x650.jpg\" \/>\n<meta name=\"twitter:card\" content=\"summary_large_image\" \/>\n<meta name=\"twitter:label1\" content=\"Dur\u00e9e de lecture estim\u00e9e\" \/>\n\t<meta name=\"twitter:data1\" content=\"4 minutes\" \/>\n<script type=\"application\/ld+json\" class=\"yoast-schema-graph\">{\"@context\":\"https:\/\/schema.org\",\"@graph\":[{\"@type\":\"WebPage\",\"@id\":\"https:\/\/www.class-hotesse.fr\/animation-promotion\/\",\"url\":\"https:\/\/www.class-hotesse.fr\/animation-promotion\/\",\"name\":\"Animation et promotion - Class&#039;H\u00f4tesse\",\"isPartOf\":{\"@id\":\"https:\/\/www.class-hotesse.fr\/fr\/#website\"},\"primaryImageOfPage\":{\"@id\":\"https:\/\/www.class-hotesse.fr\/animation-promotion\/#primaryimage\"},\"image\":{\"@id\":\"https:\/\/www.class-hotesse.fr\/animation-promotion\/#primaryimage\"},\"thumbnailUrl\":\"https:\/\/www.class-hotesse.fr\/wp-content\/uploads\/2024\/01\/ANIM-1-650x650.jpg\",\"datePublished\":\"2021-12-06T13:25:49+00:00\",\"dateModified\":\"2024-01-17T10:07:51+00:00\",\"description\":\"CLASS'HOTESSE \/ Agence d'h\u00f4tes et d'h\u00f4tesses \/ Animation et promotion.\",\"breadcrumb\":{\"@id\":\"https:\/\/www.class-hotesse.fr\/animation-promotion\/#breadcrumb\"},\"inLanguage\":\"fr-FR\",\"potentialAction\":[{\"@type\":\"ReadAction\",\"target\":[\"https:\/\/www.class-hotesse.fr\/animation-promotion\/\"]}]},{\"@type\":\"ImageObject\",\"inLanguage\":\"fr-FR\",\"@id\":\"https:\/\/www.class-hotesse.fr\/animation-promotion\/#primaryimage\",\"url\":\"https:\/\/www.class-hotesse.fr\/wp-content\/uploads\/2024\/01\/ANIM-1-650x650.jpg\",\"contentUrl\":\"https:\/\/www.class-hotesse.fr\/wp-content\/uploads\/2024\/01\/ANIM-1-650x650.jpg\"},{\"@type\":\"BreadcrumbList\",\"@id\":\"https:\/\/www.class-hotesse.fr\/animation-promotion\/#breadcrumb\",\"itemListElement\":[{\"@type\":\"ListItem\",\"position\":1,\"name\":\"Home\",\"item\":\"https:\/\/www.class-hotesse.fr\/\"},{\"@type\":\"ListItem\",\"position\":2,\"name\":\"Promotional Marketing\"}]},{\"@type\":\"WebSite\",\"@id\":\"https:\/\/www.class-hotesse.fr\/fr\/#website\",\"url\":\"https:\/\/www.class-hotesse.fr\/fr\/\",\"name\":\"Class&#039;H\u00f4tesse\",\"description\":\"H\u00f4tes, H\u00f4tesses et privil\u00e8ges\",\"publisher\":{\"@id\":\"https:\/\/www.class-hotesse.fr\/fr\/#organization\"},\"potentialAction\":[{\"@type\":\"SearchAction\",\"target\":{\"@type\":\"EntryPoint\",\"urlTemplate\":\"https:\/\/www.class-hotesse.fr\/fr\/?s={search_term_string}\"},\"query-input\":{\"@type\":\"PropertyValueSpecification\",\"valueRequired\":true,\"valueName\":\"search_term_string\"}}],\"inLanguage\":\"fr-FR\"},{\"@type\":\"Organization\",\"@id\":\"https:\/\/www.class-hotesse.fr\/fr\/#organization\",\"name\":\"Class&#039;H\u00f4tesse\",\"url\":\"https:\/\/www.class-hotesse.fr\/fr\/\",\"logo\":{\"@type\":\"ImageObject\",\"inLanguage\":\"fr-FR\",\"@id\":\"https:\/\/www.class-hotesse.fr\/fr\/#\/schema\/logo\/image\/\",\"url\":\"https:\/\/www.class-hotesse.fr\/wp-content\/uploads\/2025\/10\/cropped-En-tete-1200-x-1080-px-150-x-150-px.jpg\",\"contentUrl\":\"https:\/\/www.class-hotesse.fr\/wp-content\/uploads\/2025\/10\/cropped-En-tete-1200-x-1080-px-150-x-150-px.jpg\",\"width\":150,\"height\":150,\"caption\":\"Class&#039;H\u00f4tesse\"},\"image\":{\"@id\":\"https:\/\/www.class-hotesse.fr\/fr\/#\/schema\/logo\/image\/\"}}]}<\/script>\n<!-- \/ Yoast SEO plugin. -->","yoast_head_json":{"title":"Animation et promotion - Class&#039;H\u00f4tesse","description":"CLASS'HOTESSE \/ Agence d'h\u00f4tes et d'h\u00f4tesses \/ Animation et promotion.","robots":{"index":"index","follow":"follow","max-snippet":"max-snippet:-1","max-image-preview":"max-image-preview:large","max-video-preview":"max-video-preview:-1"},"canonical":"https:\/\/www.class-hotesse.fr\/fr\/animation-promotion\/","og_locale":"fr_FR","og_type":"article","og_title":"Animation et promotion - Class&#039;H\u00f4tesse","og_description":"CLASS'HOTESSE \/ Agence d'h\u00f4tes et d'h\u00f4tesses \/ Animation et promotion.","og_url":"https:\/\/www.class-hotesse.fr\/fr\/animation-promotion\/","og_site_name":"Class&#039;H\u00f4tesse","article_modified_time":"2024-01-17T10:07:51+00:00","og_image":[{"url":"https:\/\/www.class-hotesse.fr\/wp-content\/uploads\/2024\/01\/ANIM-1-650x650.jpg","type":"","width":"","height":""}],"twitter_card":"summary_large_image","twitter_misc":{"Dur\u00e9e de lecture estim\u00e9e":"4 minutes"},"schema":{"@context":"https:\/\/schema.org","@graph":[{"@type":"WebPage","@id":"https:\/\/www.class-hotesse.fr\/animation-promotion\/","url":"https:\/\/www.class-hotesse.fr\/animation-promotion\/","name":"Animation et promotion - Class&#039;H\u00f4tesse","isPartOf":{"@id":"https:\/\/www.class-hotesse.fr\/fr\/#website"},"primaryImageOfPage":{"@id":"https:\/\/www.class-hotesse.fr\/animation-promotion\/#primaryimage"},"image":{"@id":"https:\/\/www.class-hotesse.fr\/animation-promotion\/#primaryimage"},"thumbnailUrl":"https:\/\/www.class-hotesse.fr\/wp-content\/uploads\/2024\/01\/ANIM-1-650x650.jpg","datePublished":"2021-12-06T13:25:49+00:00","dateModified":"2024-01-17T10:07:51+00:00","description":"CLASS'HOTESSE \/ Agence d'h\u00f4tes et d'h\u00f4tesses \/ Animation et promotion.","breadcrumb":{"@id":"https:\/\/www.class-hotesse.fr\/animation-promotion\/#breadcrumb"},"inLanguage":"fr-FR","potentialAction":[{"@type":"ReadAction","target":["https:\/\/www.class-hotesse.fr\/animation-promotion\/"]}]},{"@type":"ImageObject","inLanguage":"fr-FR","@id":"https:\/\/www.class-hotesse.fr\/animation-promotion\/#primaryimage","url":"https:\/\/www.class-hotesse.fr\/wp-content\/uploads\/2024\/01\/ANIM-1-650x650.jpg","contentUrl":"https:\/\/www.class-hotesse.fr\/wp-content\/uploads\/2024\/01\/ANIM-1-650x650.jpg"},{"@type":"BreadcrumbList","@id":"https:\/\/www.class-hotesse.fr\/animation-promotion\/#breadcrumb","itemListElement":[{"@type":"ListItem","position":1,"name":"Home","item":"https:\/\/www.class-hotesse.fr\/"},{"@type":"ListItem","position":2,"name":"Promotional Marketing"}]},{"@type":"WebSite","@id":"https:\/\/www.class-hotesse.fr\/fr\/#website","url":"https:\/\/www.class-hotesse.fr\/fr\/","name":"Class&#039;H\u00f4tesse","description":"H\u00f4tes, H\u00f4tesses et privil\u00e8ges","publisher":{"@id":"https:\/\/www.class-hotesse.fr\/fr\/#organization"},"potentialAction":[{"@type":"SearchAction","target":{"@type":"EntryPoint","urlTemplate":"https:\/\/www.class-hotesse.fr\/fr\/?s={search_term_string}"},"query-input":{"@type":"PropertyValueSpecification","valueRequired":true,"valueName":"search_term_string"}}],"inLanguage":"fr-FR"},{"@type":"Organization","@id":"https:\/\/www.class-hotesse.fr\/fr\/#organization","name":"Class&#039;H\u00f4tesse","url":"https:\/\/www.class-hotesse.fr\/fr\/","logo":{"@type":"ImageObject","inLanguage":"fr-FR","@id":"https:\/\/www.class-hotesse.fr\/fr\/#\/schema\/logo\/image\/","url":"https:\/\/www.class-hotesse.fr\/wp-content\/uploads\/2025\/10\/cropped-En-tete-1200-x-1080-px-150-x-150-px.jpg","contentUrl":"https:\/\/www.class-hotesse.fr\/wp-content\/uploads\/2025\/10\/cropped-En-tete-1200-x-1080-px-150-x-150-px.jpg","width":150,"height":150,"caption":"Class&#039;H\u00f4tesse"},"image":{"@id":"https:\/\/www.class-hotesse.fr\/fr\/#\/schema\/logo\/image\/"}}]}},"_links":{"self":[{"href":"https:\/\/www.class-hotesse.fr\/fr\/wp-json\/wp\/v2\/pages\/6627","targetHints":{"allow":["GET"]}}],"collection":[{"href":"https:\/\/www.class-hotesse.fr\/fr\/wp-json\/wp\/v2\/pages"}],"about":[{"href":"https:\/\/www.class-hotesse.fr\/fr\/wp-json\/wp\/v2\/types\/page"}],"author":[{"embeddable":true,"href":"https:\/\/www.class-hotesse.fr\/fr\/wp-json\/wp\/v2\/users\/1"}],"replies":[{"embeddable":true,"href":"https:\/\/www.class-hotesse.fr\/fr\/wp-json\/wp\/v2\/comments?post=6627"}],"version-history":[{"count":89,"href":"https:\/\/www.class-hotesse.fr\/fr\/wp-json\/wp\/v2\/pages\/6627\/revisions"}],"predecessor-version":[{"id":8146,"href":"https:\/\/www.class-hotesse.fr\/fr\/wp-json\/wp\/v2\/pages\/6627\/revisions\/8146"}],"wp:attachment":[{"href":"https:\/\/www.class-hotesse.fr\/fr\/wp-json\/wp\/v2\/media?parent=6627"}],"curies":[{"name":"wp","href":"https:\/\/api.w.org\/{rel}","templated":true}]}}