{"id":6617,"date":"2021-12-06T13:22:38","date_gmt":"2021-12-06T13:22:38","guid":{"rendered":"https:\/\/www.class-hotesse.fr\/wpdev\/?page_id=6617"},"modified":"2024-01-16T13:22:25","modified_gmt":"2024-01-16T13:22:25","slug":"accueil-evenementiel","status":"publish","type":"page","link":"https:\/\/www.class-hotesse.fr\/fr\/accueil-evenementiel\/","title":{"rendered":"Accueil \u00e9v\u00e9nementiel"},"content":{"rendered":"<div data-elementor-type=\"wp-page\" data-elementor-id=\"6617\" class=\"elementor elementor-6617\" data-elementor-settings=\"[]\">\n\t\t\t\t\t\t\t<div class=\"elementor-section-wrap\">\n\t\t\t\t\t\t\t<section class=\"elementor-section elementor-top-section elementor-element elementor-element-7d9cd88 elementor-section-full_width elementor-section-height-default elementor-section-height-default qodef-elementor-content-no\" data-id=\"7d9cd88\" data-element_type=\"section\" data-settings=\"{&quot;background_background&quot;:&quot;classic&quot;}\">\n\t\t\t\t\t\t\t<div class=\"elementor-background-overlay\"><\/div>\n\t\t\t\t\t\t\t<div class=\"elementor-container elementor-column-gap-default\">\n\t\t\t\t\t<div class=\"elementor-column elementor-col-100 elementor-top-column elementor-element elementor-element-74beeb2\" data-id=\"74beeb2\" data-element_type=\"column\">\n\t\t\t<div class=\"elementor-widget-wrap elementor-element-populated\">\n\t\t\t\t\t\t\t\t<div class=\"elementor-element elementor-element-cfc17b8 elementor-widget elementor-widget-heading\" data-id=\"cfc17b8\" data-element_type=\"widget\" data-widget_type=\"heading.default\">\n\t\t\t\t<div class=\"elementor-widget-container\">\n\t\t\t<h1 class=\"elementor-heading-title elementor-size-default\">ACCUEIL \u00c9V\u00c9NEMENTIEL<\/h1>\t\t<\/div>\n\t\t\t\t<\/div>\n\t\t\t\t\t<\/div>\n\t\t<\/div>\n\t\t\t\t\t\t\t<\/div>\n\t\t<\/section>\n\t\t\t\t<section class=\"elementor-section elementor-top-section elementor-element elementor-element-b605b79 elementor-section-boxed elementor-section-height-default elementor-section-height-default qodef-elementor-content-no\" data-id=\"b605b79\" data-element_type=\"section\">\n\t\t\t\t\t\t<div class=\"elementor-container elementor-column-gap-default\">\n\t\t\t\t\t<div class=\"elementor-column elementor-col-100 elementor-top-column elementor-element elementor-element-a0b2f32\" data-id=\"a0b2f32\" data-element_type=\"column\">\n\t\t\t<div class=\"elementor-widget-wrap elementor-element-populated\">\n\t\t\t\t\t\t\t\t<div class=\"elementor-element elementor-element-549736e elementor-widget elementor-widget-text-editor\" data-id=\"549736e\" data-element_type=\"widget\" data-widget_type=\"text-editor.default\">\n\t\t\t\t<div class=\"elementor-widget-container\">\n\t\t\t\t\t\t\t<p>Les h\u00f4tes et h\u00f4tesses repr\u00e9sentent l'image de votre soci\u00e9t\u00e9.<\/p><p>C'est pourquoi, nos h\u00f4tes et nos h\u00f4tesses sont recrut\u00e9s avec la plus grande attention :\n\u00c9locution, exp\u00e9rience, niveau d'\u00e9tude, comp\u00e9tence linguistique, pr\u00e9sentation g\u00e9n\u00e9rale, afin de nous permettre de former des \u00e9quipes dynamiques et professionnelles au service de votre entreprise.<\/p><p>Nos h\u00f4tes et h\u00f4tesses choisis selon des crit\u00e8res d\u00e9finis par le client, participent \u00e0 la r\u00e9ussite de votre \u00e9v\u00e9nement.<\/p>\t\t\t\t\t\t<\/div>\n\t\t\t\t<\/div>\n\t\t\t\t\t<\/div>\n\t\t<\/div>\n\t\t\t\t\t\t\t<\/div>\n\t\t<\/section>\n\t\t\t\t<section class=\"elementor-section elementor-top-section elementor-element elementor-element-f73ff7c elementor-section-boxed elementor-section-height-default elementor-section-height-default qodef-elementor-content-no\" data-id=\"f73ff7c\" data-element_type=\"section\">\n\t\t\t\t\t\t<div class=\"elementor-container elementor-column-gap-default\">\n\t\t\t\t\t<div class=\"elementor-column elementor-col-50 elementor-top-column elementor-element elementor-element-eb8426e\" data-id=\"eb8426e\" data-element_type=\"column\">\n\t\t\t<div class=\"elementor-widget-wrap elementor-element-populated\">\n\t\t\t\t\t\t\t\t<div class=\"elementor-element elementor-element-e08e0ff elementor-widget elementor-widget-heading\" data-id=\"e08e0ff\" data-element_type=\"widget\" data-widget_type=\"heading.default\">\n\t\t\t\t<div class=\"elementor-widget-container\">\n\t\t\t<h2 class=\"elementor-heading-title elementor-size-default\">Une parfaite ma\u00eetrise des diff\u00e9rents \u00e9v\u00e9nements tels que<\/h2>\t\t<\/div>\n\t\t\t\t<\/div>\n\t\t\t\t\t<\/div>\n\t\t<\/div>\n\t\t\t\t<div class=\"elementor-column elementor-col-50 elementor-top-column elementor-element elementor-element-6408d8d\" data-id=\"6408d8d\" data-element_type=\"column\">\n\t\t\t<div class=\"elementor-widget-wrap elementor-element-populated\">\n\t\t\t\t\t\t\t\t<div class=\"elementor-element elementor-element-5134b5a elementor-widget elementor-widget-heading\" data-id=\"5134b5a\" data-element_type=\"widget\" data-widget_type=\"heading.default\">\n\t\t\t\t<div class=\"elementor-widget-container\">\n\t\t\t<h2 class=\"elementor-heading-title elementor-size-default\">Domaines d'intervention<\/h2>\t\t<\/div>\n\t\t\t\t<\/div>\n\t\t\t\t\t<\/div>\n\t\t<\/div>\n\t\t\t\t\t\t\t<\/div>\n\t\t<\/section>\n\t\t\t\t<section class=\"elementor-section elementor-top-section elementor-element elementor-element-04cd38e elementor-section-boxed elementor-section-height-default elementor-section-height-default qodef-elementor-content-no\" data-id=\"04cd38e\" data-element_type=\"section\">\n\t\t\t\t\t\t<div class=\"elementor-container elementor-column-gap-default\">\n\t\t\t\t\t<div class=\"elementor-column elementor-col-50 elementor-top-column elementor-element elementor-element-a6ab930\" data-id=\"a6ab930\" data-element_type=\"column\">\n\t\t\t<div class=\"elementor-widget-wrap elementor-element-populated\">\n\t\t\t\t\t\t\t\t<div class=\"elementor-element elementor-element-7f3239b elementor-widget elementor-widget-text-editor\" data-id=\"7f3239b\" data-element_type=\"widget\" data-widget_type=\"text-editor.default\">\n\t\t\t\t<div class=\"elementor-widget-container\">\n\t\t\t\t\t\t\t<p>\u2013 Accueil a\u00e9roportuaire<br \/>\u2013  Congr\u00e8s<br \/>\u2013 Assembl\u00e9e g\u00e9n\u00e9rale<br \/>\u2013 Inauguration<br \/>\u2013 Soir\u00e9e-cocktail<br \/>\u2013 \u00c9mission t\u00e9l\u00e9<br \/>\u2013  Remise badges\/cadeaux\/prix<br \/>\u2013 Avant premi\u00e8re<br \/>\u2013 \u00c9v\u00e9nement sportif<\/p>\t\t\t\t\t\t<\/div>\n\t\t\t\t<\/div>\n\t\t\t\t\t<\/div>\n\t\t<\/div>\n\t\t\t\t<div class=\"elementor-column elementor-col-50 elementor-top-column elementor-element elementor-element-ab2feae\" data-id=\"ab2feae\" data-element_type=\"column\">\n\t\t\t<div class=\"elementor-widget-wrap elementor-element-populated\">\n\t\t\t\t\t\t\t\t<div class=\"elementor-element elementor-element-59ba751 elementor-widget elementor-widget-text-editor\" data-id=\"59ba751\" data-element_type=\"widget\" data-widget_type=\"text-editor.default\">\n\t\t\t\t<div class=\"elementor-widget-container\">\n\t\t\t\t\t\t\t<p>- Accompagnement de groupes<br \/>- Vestiaire<br \/>\u2013  Congr\u00e8s<br \/>\u2013  Enregistrement<br \/>\u2013  Pointage<br \/>\u2013  Remise badges\/cadeaux\/prix<br \/>\u2013  Salons<br \/>\u2013  S\u00e9minaires<br \/>\u2013  Accueil<br \/>\u2013 Check-in\/out<br \/>\u2013 \u00c9quipe de professeurs<br \/>\u2013  Transfert<\/p>\t\t\t\t\t\t<\/div>\n\t\t\t\t<\/div>\n\t\t\t\t\t<\/div>\n\t\t<\/div>\n\t\t\t\t\t\t\t<\/div>\n\t\t<\/section>\n\t\t\t\t<section class=\"elementor-section elementor-top-section elementor-element elementor-element-6327b02 elementor-section-boxed elementor-section-height-default elementor-section-height-default qodef-elementor-content-no\" data-id=\"6327b02\" data-element_type=\"section\">\n\t\t\t\t\t\t<div class=\"elementor-container elementor-column-gap-default\">\n\t\t\t\t\t<div class=\"elementor-column elementor-col-100 elementor-top-column elementor-element elementor-element-c330c4c\" data-id=\"c330c4c\" data-element_type=\"column\">\n\t\t\t<div class=\"elementor-widget-wrap elementor-element-populated\">\n\t\t\t\t\t\t\t\t<div class=\"elementor-element elementor-element-97a8726 elementor-arrows-position-inside elementor-pagination-position-outside elementor-widget elementor-widget-image-carousel\" data-id=\"97a8726\" data-element_type=\"widget\" data-settings=\"{&quot;slides_to_show&quot;:&quot;3&quot;,&quot;slides_to_scroll&quot;:&quot;1&quot;,&quot;autoplay_speed&quot;:1500,&quot;speed&quot;:300,&quot;navigation&quot;:&quot;both&quot;,&quot;autoplay&quot;:&quot;yes&quot;,&quot;pause_on_hover&quot;:&quot;yes&quot;,&quot;pause_on_interaction&quot;:&quot;yes&quot;,&quot;infinite&quot;:&quot;yes&quot;}\" data-widget_type=\"image-carousel.default\">\n\t\t\t\t<div class=\"elementor-widget-container\">\n\t\t\t\t\t<div class=\"elementor-image-carousel-wrapper swiper-container\" dir=\"ltr\">\n\t\t\t<div class=\"elementor-image-carousel swiper-wrapper swiper-image-stretch\">\n\t\t\t\t\t\t\t\t<div class=\"swiper-slide\"><figure class=\"swiper-slide-inner\"><img decoding=\"async\" class=\"swiper-slide-image\" src=\"https:\/\/www.class-hotesse.fr\/wp-content\/uploads\/2024\/01\/photo-thomas-650x650.jpg\" alt=\"photo thomas\" \/><\/figure><\/div><div class=\"swiper-slide\"><figure class=\"swiper-slide-inner\"><img decoding=\"async\" class=\"swiper-slide-image\" src=\"https:\/\/www.class-hotesse.fr\/wp-content\/uploads\/2024\/01\/ACCUEIL-1-650x650.jpg\" alt=\"ACCUEIL 1\" \/><\/figure><\/div><div class=\"swiper-slide\"><figure class=\"swiper-slide-inner\"><img decoding=\"async\" class=\"swiper-slide-image\" src=\"https:\/\/www.class-hotesse.fr\/wp-content\/uploads\/2024\/01\/ACCUEIL-2-650x650.jpg\" alt=\"ACCUEIL 2\" \/><\/figure><\/div><div class=\"swiper-slide\"><figure class=\"swiper-slide-inner\"><img decoding=\"async\" class=\"swiper-slide-image\" src=\"https:\/\/www.class-hotesse.fr\/wp-content\/uploads\/2024\/01\/ACCUEIL-3-650x650.jpg\" alt=\"ACCUEIL 3\" \/><\/figure><\/div><div class=\"swiper-slide\"><figure class=\"swiper-slide-inner\"><img decoding=\"async\" class=\"swiper-slide-image\" src=\"https:\/\/www.class-hotesse.fr\/wp-content\/uploads\/2024\/01\/ACCUEIL-4-650x650.jpg\" alt=\"ACCUEIL 4\" \/><\/figure><\/div><div class=\"swiper-slide\"><figure class=\"swiper-slide-inner\"><img decoding=\"async\" class=\"swiper-slide-image\" src=\"https:\/\/www.class-hotesse.fr\/wp-content\/uploads\/2024\/01\/ACCUEIL-5-650x650.jpg\" alt=\"ACCUEIL 5\" \/><\/figure><\/div><div class=\"swiper-slide\"><figure class=\"swiper-slide-inner\"><img decoding=\"async\" class=\"swiper-slide-image\" src=\"https:\/\/www.class-hotesse.fr\/wp-content\/uploads\/2022\/05\/photo-evenementiel-4-650x650.jpg\" alt=\"photo evenementiel 4\" \/><\/figure><\/div><div class=\"swiper-slide\"><figure class=\"swiper-slide-inner\"><img decoding=\"async\" class=\"swiper-slide-image\" src=\"https:\/\/www.class-hotesse.fr\/wp-content\/uploads\/2022\/05\/photo-evenementiel-2-650x650.jpeg\" alt=\"photo evenementiel 2\" \/><\/figure><\/div><div class=\"swiper-slide\"><figure class=\"swiper-slide-inner\"><img decoding=\"async\" class=\"swiper-slide-image\" src=\"https:\/\/www.class-hotesse.fr\/wp-content\/uploads\/2022\/01\/ACCUEIL-EVENEMENTIEL-6-e1641126080127-650x650.jpeg\" alt=\"ACCUEIL EVENEMENTIEL 6\" \/><\/figure><\/div><div class=\"swiper-slide\"><figure class=\"swiper-slide-inner\"><img decoding=\"async\" class=\"swiper-slide-image\" src=\"https:\/\/www.class-hotesse.fr\/wp-content\/uploads\/2022\/01\/ACCUEIL-EVENEMENTIEL-7-e1641126097260-650x650.jpeg\" alt=\"ACCUEIL EVENEMENTIEL 7\" \/><\/figure><\/div><div class=\"swiper-slide\"><figure class=\"swiper-slide-inner\"><img decoding=\"async\" class=\"swiper-slide-image\" src=\"https:\/\/www.class-hotesse.fr\/wp-content\/uploads\/2022\/01\/ACCUEIL-EVENEMNTIEL-650x650.jpg\" alt=\"ACCUEIL EVENEMNTIEL\" \/><\/figure><\/div>\t\t\t<\/div>\n\t\t\t\t\t\t\t\t\t\t\t\t<div class=\"swiper-pagination\"><\/div>\n\t\t\t\t\t\t\t\t\t\t\t\t\t<div class=\"elementor-swiper-button elementor-swiper-button-prev\">\n\t\t\t\t\t\t<i class=\"eicon-chevron-left\" aria-hidden=\"true\"><\/i>\n\t\t\t\t\t\t<span class=\"elementor-screen-only\">Pr\u00e9c\u00e9dent<\/span>\n\t\t\t\t\t<\/div>\n\t\t\t\t\t<div class=\"elementor-swiper-button elementor-swiper-button-next\">\n\t\t\t\t\t\t<i class=\"eicon-chevron-right\" aria-hidden=\"true\"><\/i>\n\t\t\t\t\t\t<span class=\"elementor-screen-only\">Suivant<\/span>\n\t\t\t\t\t<\/div>\n\t\t\t\t\t\t\t\t\t<\/div>\n\t\t\t\t<\/div>\n\t\t\t\t<\/div>\n\t\t\t\t\t<\/div>\n\t\t<\/div>\n\t\t\t\t\t\t\t<\/div>\n\t\t<\/section>\n\t\t\t\t\t\t<\/div>\n\t\t\t\t\t<\/div>","protected":false},"excerpt":{"rendered":"<p>GREETING EVENTS Hosts and hostesses represent your company\u2019s image. Therefore we recruit them with great care. Speech, expertise, higher level of education, linguistic skills, nice presentation are some examples of the skills \/ characteristics \/ criteria we require from our staff. , (to form dynamic and competent team at the service of your events.) Our [&hellip;]<\/p>","protected":false},"author":1,"featured_media":0,"parent":0,"menu_order":0,"comment_status":"closed","ping_status":"closed","template":"page-full-width.php","meta":{"footnotes":""},"class_list":["post-6617","page","type-page","status-publish","hentry"],"yoast_head":"<!-- This site is optimized with the Yoast SEO plugin v25.1 - https:\/\/yoast.com\/wordpress\/plugins\/seo\/ -->\n<title>Accueil \u00e9v\u00e9nementiel - Class&#039;H\u00f4tesse<\/title>\n<meta name=\"description\" content=\"CLASS&#039;HOTESSE \/ Agence d&#039;h\u00f4tes et d&#039;h\u00f4tesses \/ Accueil \u00e9v\u00e9nementiel\" \/>\n<meta name=\"robots\" content=\"index, follow, max-snippet:-1, max-image-preview:large, max-video-preview:-1\" \/>\n<link rel=\"canonical\" href=\"https:\/\/www.class-hotesse.fr\/fr\/accueil-evenementiel\/\" \/>\n<meta property=\"og:locale\" content=\"fr_FR\" \/>\n<meta property=\"og:type\" content=\"article\" \/>\n<meta property=\"og:title\" content=\"Accueil \u00e9v\u00e9nementiel - Class&#039;H\u00f4tesse\" \/>\n<meta property=\"og:description\" content=\"CLASS&#039;HOTESSE \/ Agence d&#039;h\u00f4tes et d&#039;h\u00f4tesses \/ Accueil \u00e9v\u00e9nementiel\" \/>\n<meta property=\"og:url\" content=\"https:\/\/www.class-hotesse.fr\/fr\/accueil-evenementiel\/\" \/>\n<meta property=\"og:site_name\" content=\"Class&#039;H\u00f4tesse\" \/>\n<meta property=\"article:modified_time\" content=\"2024-01-16T13:22:25+00:00\" \/>\n<meta property=\"og:image\" content=\"https:\/\/www.class-hotesse.fr\/wp-content\/uploads\/2024\/01\/photo-thomas-650x650.jpg\" \/>\n<meta name=\"twitter:card\" content=\"summary_large_image\" \/>\n<meta name=\"twitter:label1\" content=\"Dur\u00e9e de lecture estim\u00e9e\" \/>\n\t<meta name=\"twitter:data1\" content=\"4 minutes\" \/>\n<script type=\"application\/ld+json\" class=\"yoast-schema-graph\">{\"@context\":\"https:\/\/schema.org\",\"@graph\":[{\"@type\":\"WebPage\",\"@id\":\"https:\/\/www.class-hotesse.fr\/accueil-evenementiel\/\",\"url\":\"https:\/\/www.class-hotesse.fr\/accueil-evenementiel\/\",\"name\":\"Accueil \u00e9v\u00e9nementiel - Class&#039;H\u00f4tesse\",\"isPartOf\":{\"@id\":\"https:\/\/www.class-hotesse.fr\/fr\/#website\"},\"primaryImageOfPage\":{\"@id\":\"https:\/\/www.class-hotesse.fr\/accueil-evenementiel\/#primaryimage\"},\"image\":{\"@id\":\"https:\/\/www.class-hotesse.fr\/accueil-evenementiel\/#primaryimage\"},\"thumbnailUrl\":\"https:\/\/www.class-hotesse.fr\/wp-content\/uploads\/2024\/01\/photo-thomas-650x650.jpg\",\"datePublished\":\"2021-12-06T13:22:38+00:00\",\"dateModified\":\"2024-01-16T13:22:25+00:00\",\"description\":\"CLASS'HOTESSE \/ Agence d'h\u00f4tes et d'h\u00f4tesses \/ Accueil \u00e9v\u00e9nementiel\",\"breadcrumb\":{\"@id\":\"https:\/\/www.class-hotesse.fr\/accueil-evenementiel\/#breadcrumb\"},\"inLanguage\":\"fr-FR\",\"potentialAction\":[{\"@type\":\"ReadAction\",\"target\":[\"https:\/\/www.class-hotesse.fr\/accueil-evenementiel\/\"]}]},{\"@type\":\"ImageObject\",\"inLanguage\":\"fr-FR\",\"@id\":\"https:\/\/www.class-hotesse.fr\/accueil-evenementiel\/#primaryimage\",\"url\":\"https:\/\/www.class-hotesse.fr\/wp-content\/uploads\/2024\/01\/photo-thomas-650x650.jpg\",\"contentUrl\":\"https:\/\/www.class-hotesse.fr\/wp-content\/uploads\/2024\/01\/photo-thomas-650x650.jpg\"},{\"@type\":\"BreadcrumbList\",\"@id\":\"https:\/\/www.class-hotesse.fr\/accueil-evenementiel\/#breadcrumb\",\"itemListElement\":[{\"@type\":\"ListItem\",\"position\":1,\"name\":\"Home\",\"item\":\"https:\/\/www.class-hotesse.fr\/\"},{\"@type\":\"ListItem\",\"position\":2,\"name\":\"Greeting Events\"}]},{\"@type\":\"WebSite\",\"@id\":\"https:\/\/www.class-hotesse.fr\/fr\/#website\",\"url\":\"https:\/\/www.class-hotesse.fr\/fr\/\",\"name\":\"Class&#039;H\u00f4tesse\",\"description\":\"H\u00f4tes, H\u00f4tesses et privil\u00e8ges\",\"publisher\":{\"@id\":\"https:\/\/www.class-hotesse.fr\/fr\/#organization\"},\"potentialAction\":[{\"@type\":\"SearchAction\",\"target\":{\"@type\":\"EntryPoint\",\"urlTemplate\":\"https:\/\/www.class-hotesse.fr\/fr\/?s={search_term_string}\"},\"query-input\":{\"@type\":\"PropertyValueSpecification\",\"valueRequired\":true,\"valueName\":\"search_term_string\"}}],\"inLanguage\":\"fr-FR\"},{\"@type\":\"Organization\",\"@id\":\"https:\/\/www.class-hotesse.fr\/fr\/#organization\",\"name\":\"Class&#039;H\u00f4tesse\",\"url\":\"https:\/\/www.class-hotesse.fr\/fr\/\",\"logo\":{\"@type\":\"ImageObject\",\"inLanguage\":\"fr-FR\",\"@id\":\"https:\/\/www.class-hotesse.fr\/fr\/#\/schema\/logo\/image\/\",\"url\":\"https:\/\/www.class-hotesse.fr\/wp-content\/uploads\/2025\/10\/cropped-En-tete-1200-x-1080-px-150-x-150-px.jpg\",\"contentUrl\":\"https:\/\/www.class-hotesse.fr\/wp-content\/uploads\/2025\/10\/cropped-En-tete-1200-x-1080-px-150-x-150-px.jpg\",\"width\":150,\"height\":150,\"caption\":\"Class&#039;H\u00f4tesse\"},\"image\":{\"@id\":\"https:\/\/www.class-hotesse.fr\/fr\/#\/schema\/logo\/image\/\"}}]}<\/script>\n<!-- \/ Yoast SEO plugin. -->","yoast_head_json":{"title":"Accueil \u00e9v\u00e9nementiel - Class&#039;H\u00f4tesse","description":"CLASS'HOTESSE \/ Agence d'h\u00f4tes et d'h\u00f4tesses \/ Accueil \u00e9v\u00e9nementiel","robots":{"index":"index","follow":"follow","max-snippet":"max-snippet:-1","max-image-preview":"max-image-preview:large","max-video-preview":"max-video-preview:-1"},"canonical":"https:\/\/www.class-hotesse.fr\/fr\/accueil-evenementiel\/","og_locale":"fr_FR","og_type":"article","og_title":"Accueil \u00e9v\u00e9nementiel - Class&#039;H\u00f4tesse","og_description":"CLASS'HOTESSE \/ Agence d'h\u00f4tes et d'h\u00f4tesses \/ Accueil \u00e9v\u00e9nementiel","og_url":"https:\/\/www.class-hotesse.fr\/fr\/accueil-evenementiel\/","og_site_name":"Class&#039;H\u00f4tesse","article_modified_time":"2024-01-16T13:22:25+00:00","og_image":[{"url":"https:\/\/www.class-hotesse.fr\/wp-content\/uploads\/2024\/01\/photo-thomas-650x650.jpg","type":"","width":"","height":""}],"twitter_card":"summary_large_image","twitter_misc":{"Dur\u00e9e de lecture estim\u00e9e":"4 minutes"},"schema":{"@context":"https:\/\/schema.org","@graph":[{"@type":"WebPage","@id":"https:\/\/www.class-hotesse.fr\/accueil-evenementiel\/","url":"https:\/\/www.class-hotesse.fr\/accueil-evenementiel\/","name":"Accueil \u00e9v\u00e9nementiel - Class&#039;H\u00f4tesse","isPartOf":{"@id":"https:\/\/www.class-hotesse.fr\/fr\/#website"},"primaryImageOfPage":{"@id":"https:\/\/www.class-hotesse.fr\/accueil-evenementiel\/#primaryimage"},"image":{"@id":"https:\/\/www.class-hotesse.fr\/accueil-evenementiel\/#primaryimage"},"thumbnailUrl":"https:\/\/www.class-hotesse.fr\/wp-content\/uploads\/2024\/01\/photo-thomas-650x650.jpg","datePublished":"2021-12-06T13:22:38+00:00","dateModified":"2024-01-16T13:22:25+00:00","description":"CLASS'HOTESSE \/ Agence d'h\u00f4tes et d'h\u00f4tesses \/ Accueil \u00e9v\u00e9nementiel","breadcrumb":{"@id":"https:\/\/www.class-hotesse.fr\/accueil-evenementiel\/#breadcrumb"},"inLanguage":"fr-FR","potentialAction":[{"@type":"ReadAction","target":["https:\/\/www.class-hotesse.fr\/accueil-evenementiel\/"]}]},{"@type":"ImageObject","inLanguage":"fr-FR","@id":"https:\/\/www.class-hotesse.fr\/accueil-evenementiel\/#primaryimage","url":"https:\/\/www.class-hotesse.fr\/wp-content\/uploads\/2024\/01\/photo-thomas-650x650.jpg","contentUrl":"https:\/\/www.class-hotesse.fr\/wp-content\/uploads\/2024\/01\/photo-thomas-650x650.jpg"},{"@type":"BreadcrumbList","@id":"https:\/\/www.class-hotesse.fr\/accueil-evenementiel\/#breadcrumb","itemListElement":[{"@type":"ListItem","position":1,"name":"Home","item":"https:\/\/www.class-hotesse.fr\/"},{"@type":"ListItem","position":2,"name":"Greeting Events"}]},{"@type":"WebSite","@id":"https:\/\/www.class-hotesse.fr\/fr\/#website","url":"https:\/\/www.class-hotesse.fr\/fr\/","name":"Class&#039;H\u00f4tesse","description":"H\u00f4tes, H\u00f4tesses et privil\u00e8ges","publisher":{"@id":"https:\/\/www.class-hotesse.fr\/fr\/#organization"},"potentialAction":[{"@type":"SearchAction","target":{"@type":"EntryPoint","urlTemplate":"https:\/\/www.class-hotesse.fr\/fr\/?s={search_term_string}"},"query-input":{"@type":"PropertyValueSpecification","valueRequired":true,"valueName":"search_term_string"}}],"inLanguage":"fr-FR"},{"@type":"Organization","@id":"https:\/\/www.class-hotesse.fr\/fr\/#organization","name":"Class&#039;H\u00f4tesse","url":"https:\/\/www.class-hotesse.fr\/fr\/","logo":{"@type":"ImageObject","inLanguage":"fr-FR","@id":"https:\/\/www.class-hotesse.fr\/fr\/#\/schema\/logo\/image\/","url":"https:\/\/www.class-hotesse.fr\/wp-content\/uploads\/2025\/10\/cropped-En-tete-1200-x-1080-px-150-x-150-px.jpg","contentUrl":"https:\/\/www.class-hotesse.fr\/wp-content\/uploads\/2025\/10\/cropped-En-tete-1200-x-1080-px-150-x-150-px.jpg","width":150,"height":150,"caption":"Class&#039;H\u00f4tesse"},"image":{"@id":"https:\/\/www.class-hotesse.fr\/fr\/#\/schema\/logo\/image\/"}}]}},"_links":{"self":[{"href":"https:\/\/www.class-hotesse.fr\/fr\/wp-json\/wp\/v2\/pages\/6617","targetHints":{"allow":["GET"]}}],"collection":[{"href":"https:\/\/www.class-hotesse.fr\/fr\/wp-json\/wp\/v2\/pages"}],"about":[{"href":"https:\/\/www.class-hotesse.fr\/fr\/wp-json\/wp\/v2\/types\/page"}],"author":[{"embeddable":true,"href":"https:\/\/www.class-hotesse.fr\/fr\/wp-json\/wp\/v2\/users\/1"}],"replies":[{"embeddable":true,"href":"https:\/\/www.class-hotesse.fr\/fr\/wp-json\/wp\/v2\/comments?post=6617"}],"version-history":[{"count":82,"href":"https:\/\/www.class-hotesse.fr\/fr\/wp-json\/wp\/v2\/pages\/6617\/revisions"}],"predecessor-version":[{"id":8143,"href":"https:\/\/www.class-hotesse.fr\/fr\/wp-json\/wp\/v2\/pages\/6617\/revisions\/8143"}],"wp:attachment":[{"href":"https:\/\/www.class-hotesse.fr\/fr\/wp-json\/wp\/v2\/media?parent=6617"}],"curies":[{"name":"wp","href":"https:\/\/api.w.org\/{rel}","templated":true}]}}