{"id":6372,"date":"2021-12-05T17:12:35","date_gmt":"2021-12-05T17:12:35","guid":{"rendered":"https:\/\/www.class-hotesse.fr\/wpdev\/?page_id=6372"},"modified":"2022-01-02T14:17:11","modified_gmt":"2022-01-02T14:17:11","slug":"notre-offre","status":"publish","type":"page","link":"https:\/\/www.class-hotesse.fr\/fr\/notre-offre\/","title":{"rendered":"Our Offer"},"content":{"rendered":"","protected":false},"excerpt":{"rendered":"","protected":false},"author":1,"featured_media":0,"parent":0,"menu_order":0,"comment_status":"closed","ping_status":"closed","template":"","meta":{"footnotes":""},"class_list":["post-6372","page","type-page","status-publish","hentry"],"yoast_head":"<!-- This site is optimized with the Yoast SEO plugin v25.1 - https:\/\/yoast.com\/wordpress\/plugins\/seo\/ -->\n<title>Notre offre - Class&#039;H\u00f4tesse<\/title>\n<meta name=\"robots\" content=\"index, follow, max-snippet:-1, max-image-preview:large, max-video-preview:-1\" \/>\n<link rel=\"canonical\" href=\"http:\/\/www.class-hotesse.fr\/fr\/notre-offre\/\" \/>\n<meta property=\"og:locale\" content=\"fr_FR\" \/>\n<meta property=\"og:type\" content=\"article\" \/>\n<meta property=\"og:title\" content=\"Notre offre - Class&#039;H\u00f4tesse\" \/>\n<meta property=\"og:url\" content=\"http:\/\/www.class-hotesse.fr\/fr\/notre-offre\/\" \/>\n<meta property=\"og:site_name\" content=\"Class&#039;H\u00f4tesse\" \/>\n<meta property=\"article:modified_time\" content=\"2022-01-02T14:17:11+00:00\" \/>\n<meta name=\"twitter:card\" content=\"summary_large_image\" \/>\n<script type=\"application\/ld+json\" class=\"yoast-schema-graph\">{\"@context\":\"https:\/\/schema.org\",\"@graph\":[{\"@type\":\"WebPage\",\"@id\":\"http:\/\/www.class-hotesse.fr\/fr\/notre-offre\/\",\"url\":\"http:\/\/www.class-hotesse.fr\/fr\/notre-offre\/\",\"name\":\"Notre offre - Class&#039;H\u00f4tesse\",\"isPartOf\":{\"@id\":\"https:\/\/www.class-hotesse.fr\/fr\/#website\"},\"datePublished\":\"2021-12-05T17:12:35+00:00\",\"dateModified\":\"2022-01-02T14:17:11+00:00\",\"breadcrumb\":{\"@id\":\"http:\/\/www.class-hotesse.fr\/fr\/notre-offre\/#breadcrumb\"},\"inLanguage\":\"fr-FR\",\"potentialAction\":[{\"@type\":\"ReadAction\",\"target\":[\"http:\/\/www.class-hotesse.fr\/fr\/notre-offre\/\"]}]},{\"@type\":\"BreadcrumbList\",\"@id\":\"http:\/\/www.class-hotesse.fr\/fr\/notre-offre\/#breadcrumb\",\"itemListElement\":[{\"@type\":\"ListItem\",\"position\":1,\"name\":\"Home\",\"item\":\"https:\/\/www.class-hotesse.fr\/\"},{\"@type\":\"ListItem\",\"position\":2,\"name\":\"Our Offer\"}]},{\"@type\":\"WebSite\",\"@id\":\"https:\/\/www.class-hotesse.fr\/fr\/#website\",\"url\":\"https:\/\/www.class-hotesse.fr\/fr\/\",\"name\":\"Class&#039;H\u00f4tesse\",\"description\":\"H\u00f4tes, H\u00f4tesses et privil\u00e8ges\",\"publisher\":{\"@id\":\"https:\/\/www.class-hotesse.fr\/fr\/#organization\"},\"potentialAction\":[{\"@type\":\"SearchAction\",\"target\":{\"@type\":\"EntryPoint\",\"urlTemplate\":\"https:\/\/www.class-hotesse.fr\/fr\/?s={search_term_string}\"},\"query-input\":{\"@type\":\"PropertyValueSpecification\",\"valueRequired\":true,\"valueName\":\"search_term_string\"}}],\"inLanguage\":\"fr-FR\"},{\"@type\":\"Organization\",\"@id\":\"https:\/\/www.class-hotesse.fr\/fr\/#organization\",\"name\":\"Class&#039;H\u00f4tesse\",\"url\":\"https:\/\/www.class-hotesse.fr\/fr\/\",\"logo\":{\"@type\":\"ImageObject\",\"inLanguage\":\"fr-FR\",\"@id\":\"https:\/\/www.class-hotesse.fr\/fr\/#\/schema\/logo\/image\/\",\"url\":\"https:\/\/www.class-hotesse.fr\/wp-content\/uploads\/2025\/10\/cropped-En-tete-1200-x-1080-px-150-x-150-px.jpg\",\"contentUrl\":\"https:\/\/www.class-hotesse.fr\/wp-content\/uploads\/2025\/10\/cropped-En-tete-1200-x-1080-px-150-x-150-px.jpg\",\"width\":150,\"height\":150,\"caption\":\"Class&#039;H\u00f4tesse\"},\"image\":{\"@id\":\"https:\/\/www.class-hotesse.fr\/fr\/#\/schema\/logo\/image\/\"}}]}<\/script>\n<!-- \/ Yoast SEO plugin. -->","yoast_head_json":{"title":"Notre offre - Class&#039;H\u00f4tesse","robots":{"index":"index","follow":"follow","max-snippet":"max-snippet:-1","max-image-preview":"max-image-preview:large","max-video-preview":"max-video-preview:-1"},"canonical":"http:\/\/www.class-hotesse.fr\/fr\/notre-offre\/","og_locale":"fr_FR","og_type":"article","og_title":"Notre offre - Class&#039;H\u00f4tesse","og_url":"http:\/\/www.class-hotesse.fr\/fr\/notre-offre\/","og_site_name":"Class&#039;H\u00f4tesse","article_modified_time":"2022-01-02T14:17:11+00:00","twitter_card":"summary_large_image","schema":{"@context":"https:\/\/schema.org","@graph":[{"@type":"WebPage","@id":"http:\/\/www.class-hotesse.fr\/fr\/notre-offre\/","url":"http:\/\/www.class-hotesse.fr\/fr\/notre-offre\/","name":"Notre offre - Class&#039;H\u00f4tesse","isPartOf":{"@id":"https:\/\/www.class-hotesse.fr\/fr\/#website"},"datePublished":"2021-12-05T17:12:35+00:00","dateModified":"2022-01-02T14:17:11+00:00","breadcrumb":{"@id":"http:\/\/www.class-hotesse.fr\/fr\/notre-offre\/#breadcrumb"},"inLanguage":"fr-FR","potentialAction":[{"@type":"ReadAction","target":["http:\/\/www.class-hotesse.fr\/fr\/notre-offre\/"]}]},{"@type":"BreadcrumbList","@id":"http:\/\/www.class-hotesse.fr\/fr\/notre-offre\/#breadcrumb","itemListElement":[{"@type":"ListItem","position":1,"name":"Home","item":"https:\/\/www.class-hotesse.fr\/"},{"@type":"ListItem","position":2,"name":"Our Offer"}]},{"@type":"WebSite","@id":"https:\/\/www.class-hotesse.fr\/fr\/#website","url":"https:\/\/www.class-hotesse.fr\/fr\/","name":"Class&#039;H\u00f4tesse","description":"H\u00f4tes, H\u00f4tesses et privil\u00e8ges","publisher":{"@id":"https:\/\/www.class-hotesse.fr\/fr\/#organization"},"potentialAction":[{"@type":"SearchAction","target":{"@type":"EntryPoint","urlTemplate":"https:\/\/www.class-hotesse.fr\/fr\/?s={search_term_string}"},"query-input":{"@type":"PropertyValueSpecification","valueRequired":true,"valueName":"search_term_string"}}],"inLanguage":"fr-FR"},{"@type":"Organization","@id":"https:\/\/www.class-hotesse.fr\/fr\/#organization","name":"Class&#039;H\u00f4tesse","url":"https:\/\/www.class-hotesse.fr\/fr\/","logo":{"@type":"ImageObject","inLanguage":"fr-FR","@id":"https:\/\/www.class-hotesse.fr\/fr\/#\/schema\/logo\/image\/","url":"https:\/\/www.class-hotesse.fr\/wp-content\/uploads\/2025\/10\/cropped-En-tete-1200-x-1080-px-150-x-150-px.jpg","contentUrl":"https:\/\/www.class-hotesse.fr\/wp-content\/uploads\/2025\/10\/cropped-En-tete-1200-x-1080-px-150-x-150-px.jpg","width":150,"height":150,"caption":"Class&#039;H\u00f4tesse"},"image":{"@id":"https:\/\/www.class-hotesse.fr\/fr\/#\/schema\/logo\/image\/"}}]}},"_links":{"self":[{"href":"https:\/\/www.class-hotesse.fr\/fr\/wp-json\/wp\/v2\/pages\/6372","targetHints":{"allow":["GET"]}}],"collection":[{"href":"https:\/\/www.class-hotesse.fr\/fr\/wp-json\/wp\/v2\/pages"}],"about":[{"href":"https:\/\/www.class-hotesse.fr\/fr\/wp-json\/wp\/v2\/types\/page"}],"author":[{"embeddable":true,"href":"https:\/\/www.class-hotesse.fr\/fr\/wp-json\/wp\/v2\/users\/1"}],"replies":[{"embeddable":true,"href":"https:\/\/www.class-hotesse.fr\/fr\/wp-json\/wp\/v2\/comments?post=6372"}],"version-history":[{"count":1,"href":"https:\/\/www.class-hotesse.fr\/fr\/wp-json\/wp\/v2\/pages\/6372\/revisions"}],"predecessor-version":[{"id":6373,"href":"https:\/\/www.class-hotesse.fr\/fr\/wp-json\/wp\/v2\/pages\/6372\/revisions\/6373"}],"wp:attachment":[{"href":"https:\/\/www.class-hotesse.fr\/fr\/wp-json\/wp\/v2\/media?parent=6372"}],"curies":[{"name":"wp","href":"https:\/\/api.w.org\/{rel}","templated":true}]}}